{"id":1032,"date":"2024-05-05T21:38:30","date_gmt":"2024-05-05T21:38:30","guid":{"rendered":"https:\/\/polancolaser.com\/?page_id=1032"},"modified":"2026-03-07T00:02:25","modified_gmt":"2026-03-07T08:02:25","slug":"cotizar-mi-paquete-de-depilacion","status":"publish","type":"page","link":"https:\/\/polancolaser.com\/en\/cotizar-mi-paquete-de-depilacion\/","title":{"rendered":"How Much Does Laser Hair Removal Cost?"},"content":{"rendered":"<p>[et_pb_section fb_built=&#8221;1&#8243; custom_padding_last_edited=&#8221;on|tablet&#8221; _builder_version=&#8221;4.24.2&#8243; _module_preset=&#8221;default&#8221; custom_margin=&#8221;||||false|false&#8221; custom_padding=&#8221;20vh||0px||false|false&#8221; custom_padding_tablet=&#8221;15vh||0px||false|false&#8221; custom_padding_phone=&#8221;15vh||||false|false&#8221; locked=&#8221;off&#8221; global_colors_info=&#8221;{}&#8221;][et_pb_row make_equal=&#8221;on&#8221; _builder_version=&#8221;4.24.2&#8243; _module_preset=&#8221;default&#8221; custom_padding=&#8221;||||false|false&#8221; global_colors_info=&#8221;{}&#8221;][et_pb_column type=&#8221;4_4&#8243; _builder_version=&#8221;4.24.2&#8243; _module_preset=&#8221;default&#8221; global_colors_info=&#8221;{}&#8221;][et_pb_text _builder_version=&#8221;4.24.2&#8243; _module_preset=&#8221;default&#8221; header_font=&#8221;Poppins|||on|||||&#8221; header_text_color=&#8221;#000000&#8243; header_font_size=&#8221;40px&#8221; header_2_font=&#8221;Poppins|||on|||||&#8221; header_2_text_align=&#8221;left&#8221; header_2_text_color=&#8221;#000000&#8243; header_2_font_size=&#8221;40px&#8221; custom_margin=&#8221;||0px||false|false&#8221; header_text_align_tablet=&#8221;center&#8221; header_text_align_phone=&#8221;center&#8221; header_text_align_last_edited=&#8221;on|desktop&#8221; header_font_size_tablet=&#8221;40px&#8221; header_font_size_phone=&#8221;30px&#8221; header_font_size_last_edited=&#8221;on|phone&#8221; header_2_text_align_tablet=&#8221;center&#8221; header_2_text_align_phone=&#8221;center&#8221; header_2_text_align_last_edited=&#8221;on|tablet&#8221; header_2_font_size_tablet=&#8221;40px&#8221; header_2_font_size_phone=&#8221;30px&#8221; header_2_font_size_last_edited=&#8221;on|phone&#8221; locked=&#8221;off&#8221; global_colors_info=&#8221;{}&#8221;]<\/p>\n<h1>How Much Does Laser Hair Removal Cost?<\/h1>\n<p>[\/et_pb_text][et_pb_text _builder_version=&#8221;4.24.2&#8243; _module_preset=&#8221;default&#8221; header_2_font=&#8221;Poppins||||||||&#8221; header_2_font_size=&#8221;30px&#8221; header_3_font=&#8221;||||||||&#8221; header_3_text_color=&#8221;#000000&#8243; custom_margin=&#8221;||0px||false|false&#8221; custom_padding=&#8221;||||false|false&#8221; header_2_text_align_tablet=&#8221;center&#8221; header_2_text_align_phone=&#8221;center&#8221; header_2_text_align_last_edited=&#8221;on|desktop&#8221; header_2_font_size_tablet=&#8221;30px&#8221; header_2_font_size_phone=&#8221;20px&#8221; header_2_font_size_last_edited=&#8221;on|phone&#8221; header_3_text_align_tablet=&#8221;center&#8221; header_3_text_align_phone=&#8221;center&#8221; header_3_text_align_last_edited=&#8221;on|tablet&#8221; locked=&#8221;off&#8221; global_colors_info=&#8221;{}&#8221;]<\/p>\n<h2>Quote Online<\/h2>\n<p>[\/et_pb_text][et_pb_image src=&#8221;https:\/\/polancolaser.com\/wp-content\/uploads\/2024\/04\/polanco-cosmetic-laser-center-estrella.webp&#8221; title_text=&#8221;polanco-cosmetic-laser-center-estrella&#8221; align_tablet=&#8221;center&#8221; align_phone=&#8221;center&#8221; align_last_edited=&#8221;on|phone&#8221; _builder_version=&#8221;4.24.2&#8243; _module_preset=&#8221;default&#8221; max_width=&#8221;100px&#8221; custom_padding=&#8221;||30px||false|false&#8221; locked=&#8221;off&#8221; global_colors_info=&#8221;{}&#8221;][\/et_pb_image][\/et_pb_column][\/et_pb_row][et_pb_row module_class=&#8221; btnStack &#8221; _builder_version=&#8221;4.24.2&#8243; _module_preset=&#8221;default&#8221; custom_padding=&#8221;0px||0px||false|false&#8221; animation_direction=&#8221;bottom&#8221; custom_css_free_form=&#8221;selector{||  text-align: center !important;||}&#8221; locked=&#8221;off&#8221; global_colors_info=&#8221;{}&#8221;][et_pb_column type=&#8221;4_4&#8243; _builder_version=&#8221;4.24.2&#8243; _module_preset=&#8221;default&#8221; global_colors_info=&#8221;{}&#8221;][et_pb_button button_text=&#8221;Mujer&#8221; button_alignment_tablet=&#8221;center&#8221; button_alignment_last_edited=&#8221;off|desktop&#8221; module_class=&#8221;mtc_button_1 mtc_button_closed&#8221; _builder_version=&#8221;4.24.2&#8243; _module_preset=&#8221;default&#8221; custom_button=&#8221;on&#8221; button_text_color=&#8221;#FFFFFF&#8221; button_bg_color=&#8221;#E7A777&#8243; button_border_color=&#8221;#E7A777&#8243; button_border_radius=&#8221;100px&#8221; button_font=&#8221;Poppins||||||||&#8221; button_icon=&#8221;&#xf182;||fa||900&#8243; button_on_hover=&#8221;off&#8221; custom_margin_tablet=&#8221;&#8221; custom_margin_phone=&#8221;||||false|false&#8221; custom_margin_last_edited=&#8221;on|phone&#8221; global_colors_info=&#8221;{}&#8221; button_bg_color__hover_enabled=&#8221;on|hover&#8221; button_bg_color__hover=&#8221;#000000&#8243; button_bg_enable_color__hover=&#8221;on&#8221; button_border_color__hover_enabled=&#8221;on|hover&#8221; button_border_color__hover=&#8221;#000000&#8243;][\/et_pb_button][et_pb_button button_text=&#8221;Hombre&#8221; button_alignment_tablet=&#8221;center&#8221; button_alignment_last_edited=&#8221;off|desktop&#8221; module_class=&#8221;mtc_button_2 mtc_button_closed&#8221; _builder_version=&#8221;4.24.2&#8243; _module_preset=&#8221;default&#8221; custom_button=&#8221;on&#8221; button_text_color=&#8221;#FFFFFF&#8221; button_bg_color=&#8221;#E7A777&#8243; button_border_color=&#8221;#E7A777&#8243; button_border_radius=&#8221;100px&#8221; button_font=&#8221;Poppins||||||||&#8221; button_icon=&#8221;&#xf183;||fa||900&#8243; button_on_hover=&#8221;off&#8221; global_colors_info=&#8221;{}&#8221; button_bg_color__hover_enabled=&#8221;on|hover&#8221; button_bg_color__hover=&#8221;#000000&#8243; button_bg_enable_color__hover=&#8221;on&#8221; button_border_color__hover_enabled=&#8221;on|hover&#8221; button_border_color__hover=&#8221;#000000&#8243;][\/et_pb_button][\/et_pb_column][\/et_pb_row][\/et_pb_section][et_pb_section fb_built=&#8221;1&#8243; module_class=&#8221;mtc_element mtc_element_1&#8243; _builder_version=&#8221;4.24.2&#8243; _module_preset=&#8221;default&#8221; custom_margin=&#8221;||||false|false&#8221; custom_padding=&#8221;0px||||false|false&#8221; animation_direction=&#8221;bottom&#8221; locked=&#8221;off&#8221; global_colors_info=&#8221;{}&#8221;][et_pb_row column_structure=&#8221;1_3,2_3&#8243; use_custom_gutter=&#8221;on&#8221; gutter_width=&#8221;1&#8243; _builder_version=&#8221;4.24.2&#8243; _module_preset=&#8221;default&#8221; background_enable_color=&#8221;off&#8221; max_width=&#8221;80%&#8221; scroll_blur=&#8221;0|54|54|100|30px|100px|0px&#8221; global_colors_info=&#8221;{}&#8221;][et_pb_column type=&#8221;1_3&#8243; _builder_version=&#8221;4.24.2&#8243; _module_preset=&#8221;default&#8221; background_enable_mask_style=&#8221;on&#8221; background_mask_style=&#8221;bean&#8221; background_mask_color=&#8221;#E7A777&#8243; background_mask_transform=&#8221;invert&#8221; global_colors_info=&#8221;{}&#8221;][et_pb_image src=&#8221;https:\/\/polancolaser.com\/wp-content\/uploads\/2024\/04\/polanco-cosmetic-laser-center-mujer.webp&#8221; title_text=&#8221;polanco-cosmetic-laser-center-mujer&#8221; align=&#8221;center&#8221; align_last_edited=&#8221;off|desktop&#8221; _builder_version=&#8221;4.24.2&#8243; _module_preset=&#8221;default&#8221; height=&#8221;500px&#8221; height_tablet=&#8221;500px&#8221; height_phone=&#8221;300px&#8221; height_last_edited=&#8221;on|phone&#8221; global_colors_info=&#8221;{}&#8221;][\/et_pb_image][et_pb_image src=&#8221;https:\/\/polancolaser.com\/wp-content\/uploads\/2024\/05\/polanco-cosmetic-laser-center-depilacion-laser-axilas-modelo.webp&#8221; title_text=&#8221;polanco-cosmetic-laser-center-depilacion-laser-axilas-modelo&#8221; align=&#8221;center&#8221; align_last_edited=&#8221;off|desktop&#8221; admin_label=&#8221;Axilas&#8221; module_id=&#8221;reveal_axilas&#8221; _builder_version=&#8221;4.24.2&#8243; _module_preset=&#8221;default&#8221; positioning=&#8221;absolute&#8221; width=&#8221;100%&#8221; height=&#8221;500px&#8221; height_tablet=&#8221;500px&#8221; height_phone=&#8221;300px&#8221; height_last_edited=&#8221;on|phone&#8221; custom_css_free_form=&#8221;#reveal_axilas{||  display: none;||}&#8221; global_colors_info=&#8221;{}&#8221;][\/et_pb_image][\/et_pb_column][et_pb_column type=&#8221;2_3&#8243; _builder_version=&#8221;4.24.2&#8243; _module_preset=&#8221;default&#8221; global_colors_info=&#8221;{}&#8221;][et_pb_text _builder_version=&#8221;4.24.2&#8243; _module_preset=&#8221;default&#8221; height=&#8221;500px&#8221; height_tablet=&#8221;&#8221; height_phone=&#8221;&#8221; height_last_edited=&#8221;on|phone&#8221; max_height=&#8221;500px&#8221; max_height_tablet=&#8221;&#8221; max_height_phone=&#8221;&#8221; max_height_last_edited=&#8221;on|tablet&#8221; overflow-y=&#8221;scroll&#8221; custom_margin=&#8221;||||false|false&#8221; custom_padding=&#8221;||||false|false&#8221; overflow-y_tablet=&#8221;visible&#8221; overflow-y_phone=&#8221;visible&#8221; overflow-y_last_edited=&#8221;on|phone&#8221; global_colors_info=&#8221;{}&#8221;]<\/p>\n\n<div class=\"ccb-main-widget\" id=\"ccb_app_1480\" data-calc-id=\"1480\"><\/div>\n\n<p>[\/et_pb_text][\/et_pb_column][\/et_pb_row][\/et_pb_section][et_pb_section fb_built=&#8221;1&#8243; module_class=&#8221;mtc_element mtc_element_2&#8243; _builder_version=&#8221;4.24.2&#8243; _module_preset=&#8221;default&#8221; custom_margin=&#8221;||||false|false&#8221; custom_padding=&#8221;0px||||false|false&#8221; animation_direction=&#8221;bottom&#8221; locked=&#8221;off&#8221; global_colors_info=&#8221;{}&#8221;][et_pb_row column_structure=&#8221;1_3,2_3&#8243; use_custom_gutter=&#8221;on&#8221; gutter_width=&#8221;1&#8243; _builder_version=&#8221;4.24.2&#8243; _module_preset=&#8221;default&#8221; background_enable_color=&#8221;off&#8221; max_width=&#8221;80%&#8221; scroll_blur=&#8221;0|54|54|100|30px|100px|0px&#8221; global_colors_info=&#8221;{}&#8221;][et_pb_column type=&#8221;1_3&#8243; _builder_version=&#8221;4.24.2&#8243; _module_preset=&#8221;default&#8221; background_enable_mask_style=&#8221;on&#8221; background_mask_style=&#8221;bean&#8221; background_mask_color=&#8221;#E7A777&#8243; background_mask_transform=&#8221;invert&#8221; global_colors_info=&#8221;{}&#8221;][et_pb_image src=&#8221;https:\/\/polancolaser.com\/wp-content\/uploads\/2024\/04\/polanco-cosmetic-laser-center-hombre.webp&#8221; title_text=&#8221;polanco-cosmetic-laser-center-hombre&#8221; align=&#8221;center&#8221; align_last_edited=&#8221;off|desktop&#8221; _builder_version=&#8221;4.24.2&#8243; _module_preset=&#8221;default&#8221; height=&#8221;500px&#8221; height_tablet=&#8221;500px&#8221; height_phone=&#8221;300px&#8221; height_last_edited=&#8221;on|phone&#8221; global_colors_info=&#8221;{}&#8221;][\/et_pb_image][\/et_pb_column][et_pb_column type=&#8221;2_3&#8243; _builder_version=&#8221;4.24.2&#8243; _module_preset=&#8221;default&#8221; global_colors_info=&#8221;{}&#8221;][et_pb_text _builder_version=&#8221;4.24.2&#8243; _module_preset=&#8221;default&#8221; height=&#8221;500px&#8221; height_tablet=&#8221;&#8221; height_phone=&#8221;&#8221; height_last_edited=&#8221;on|tablet&#8221; max_height=&#8221;500px&#8221; max_height_tablet=&#8221;&#8221; max_height_phone=&#8221;&#8221; max_height_last_edited=&#8221;on|phone&#8221; overflow-y=&#8221;scroll&#8221; custom_margin=&#8221;||||false|false&#8221; custom_padding=&#8221;||||false|false&#8221; hover_enabled=&#8221;0&#8243; overflow-y_tablet=&#8221;visible&#8221; overflow-y_phone=&#8221;visible&#8221; overflow-y_last_edited=&#8221;on|phone&#8221; global_colors_info=&#8221;{}&#8221; sticky_enabled=&#8221;0&#8243;]<\/p>\n\n<div class=\"ccb-main-widget\" id=\"ccb_app_1483\" data-calc-id=\"1483\"><\/div>\n\n<p>[\/et_pb_text][\/et_pb_column][\/et_pb_row][\/et_pb_section]<\/p>","protected":false},"excerpt":{"rendered":"<p>\u00bfCu\u00e1nto Cuesta la Depilaci\u00f3n L\u00e1ser?Cotiza en L\u00ednea\n<div class=\"ccb-main-widget\" id=\"ccb_app_1480\" data-calc-id=\"1480\"><\/div>\n\n<div class=\"ccb-main-widget\" id=\"ccb_app_1483\" data-calc-id=\"1483\"><\/div>\n<\/p>","protected":false},"author":1,"featured_media":0,"parent":0,"menu_order":0,"comment_status":"closed","ping_status":"closed","template":"","meta":{"_et_pb_use_builder":"on","_et_pb_old_content":"","_et_gb_content_width":"","content-type":"","_joinchat":[],"footnotes":""},"class_list":["post-1032","page","type-page","status-publish","hentry"],"_links":{"self":[{"href":"https:\/\/polancolaser.com\/en\/wp-json\/wp\/v2\/pages\/1032","targetHints":{"allow":["GET"]}}],"collection":[{"href":"https:\/\/polancolaser.com\/en\/wp-json\/wp\/v2\/pages"}],"about":[{"href":"https:\/\/polancolaser.com\/en\/wp-json\/wp\/v2\/types\/page"}],"author":[{"embeddable":true,"href":"https:\/\/polancolaser.com\/en\/wp-json\/wp\/v2\/users\/1"}],"replies":[{"embeddable":true,"href":"https:\/\/polancolaser.com\/en\/wp-json\/wp\/v2\/comments?post=1032"}],"version-history":[{"count":0,"href":"https:\/\/polancolaser.com\/en\/wp-json\/wp\/v2\/pages\/1032\/revisions"}],"wp:attachment":[{"href":"https:\/\/polancolaser.com\/en\/wp-json\/wp\/v2\/media?parent=1032"}],"curies":[{"name":"wp","href":"https:\/\/api.w.org\/{rel}","templated":true}]}}